{"id":529,"date":"2015-04-20T11:50:56","date_gmt":"2015-04-20T11:50:56","guid":{"rendered":"http:\/\/welfare.cmsmasters.net\/?page_id=529"},"modified":"2021-04-05T17:34:03","modified_gmt":"2021-04-05T17:34:03","slug":"sobre-nosotros","status":"publish","type":"page","link":"https:\/\/maalmarfacilities.com\/index.php\/sobre-nosotros\/","title":{"rendered":"Sobre Nosotros"},"content":{"rendered":"<style type=\"text\/css\"> \n#cmsmasters_row_69f23b82945f69_74099459 .cmsmasters_row_outer_parent { \n\tpadding-top: 60px; \n} \n\n#cmsmasters_row_69f23b82945f69_74099459 .cmsmasters_row_outer_parent { \n\tpadding-bottom: 60px; \n} \n\n \n#cmsmasters_divider_69f23b8296b096_31888304 { \n\tborder-bottom-width:0px; \n\tborder-bottom-style:solid; \n\tpadding-top:10px; \n\tmargin-bottom:20px; \n} \n \n#cmsmasters_icon_box_69f23b82a99f1 { \n\tborder-width:0px; \n} \n\n#cmsmasters_icon_box_69f23b82a99f1:before, \n#cmsmasters_icon_box_69f23b82a99f1 .icon_box_heading:before { \n\tfont-size:30px; \n\tline-height:50px; \n\twidth:50px; \n\theight:50px; \n\tborder-width:0px; \n\t-webkit-border-radius:50%; \n\tborder-radius:50%; \n\tcolor:#5ebed6;\n\tbackground-color:#ffffff;\n\tborder-color:#ffffff;\n} \n\n \n#cmsmasters_icon_box_69f23b82a9e04 { \n\tborder-width:0px; \n} \n\n#cmsmasters_icon_box_69f23b82a9e04:before, \n#cmsmasters_icon_box_69f23b82a9e04 .icon_box_heading:before { \n\tfont-size:30px; \n\tline-height:50px; \n\twidth:50px; \n\theight:50px; \n\tborder-width:0px; \n\t-webkit-border-radius:50%; \n\tborder-radius:50%; \n} \n\n \n#cmsmasters_icon_box_69f23b82aa130 { \n\tborder-width:0px; \n} \n\n#cmsmasters_icon_box_69f23b82aa130:before, \n#cmsmasters_icon_box_69f23b82aa130 .icon_box_heading:before { \n\tfont-size:30px; \n\tline-height:50px; \n\twidth:50px; \n\theight:50px; \n\tborder-width:0px; \n\t-webkit-border-radius:50%; \n\tborder-radius:50%; \n} \n\n \n#cmsmasters_divider_69f23b82aa2a91_87144455 { \n\tborder-bottom-width:0px; \n\tborder-bottom-style:solid; \n\tpadding-top:10px; \n\tmargin-bottom:20px; \n} \n \n#cmsmasters_icon_box_69f23b82aa5a9 { \n\tborder-width:0px; \n} \n\n#cmsmasters_icon_box_69f23b82aa5a9:before, \n#cmsmasters_icon_box_69f23b82aa5a9 .icon_box_heading:before { \n\tfont-size:30px; \n\tline-height:50px; \n\twidth:50px; \n\theight:50px; \n\tborder-width:0px; \n\t-webkit-border-radius:50%; \n\tborder-radius:50%; \n} \n\n \n#cmsmasters_icon_box_69f23b82aa8d8 { \n\tborder-width:0px; \n} \n\n#cmsmasters_icon_box_69f23b82aa8d8:before, \n#cmsmasters_icon_box_69f23b82aa8d8 .icon_box_heading:before { \n\tfont-size:30px; \n\tline-height:50px; \n\twidth:50px; \n\theight:50px; \n\tborder-width:0px; \n\t-webkit-border-radius:50%; \n\tborder-radius:50%; \n} \n\n<\/style><div id=\"cmsmasters_row_69f23b82945f69_74099459\" class=\"cmsmasters_row cmsmasters_color_scheme_default cmsmasters_row_top_default cmsmasters_row_bot_default cmsmasters_row_boxed\">\n<div class=\"cmsmasters_row_outer_parent\">\n<div class=\"cmsmasters_row_outer\">\n<div class=\"cmsmasters_row_inner\">\n<div class=\"cmsmasters_row_margin\">\n<div class=\"cmsmasters_column one_third\">\n<div class=\"cmsmasters_img  cmsmasters_image_n\">\n<img decoding=\"async\" src=\"https:\/\/maalmarfacilities.com\/wp-content\/uploads\/2021\/04\/mujer_limpiando-300x200.jpg\" \/>\n<\/div>\n<\/div>\n<div class=\"cmsmasters_column one_third\">\n\n<div id=\"cmsmasters_divider_69f23b8296b096_31888304\" class=\"cl\"><\/div>\n\n<div id=\"cmsmasters_icon_box_69f23b82a99f1\" class=\"cmsmasters_icon_box cmsmasters_icon_heading_left box_icon_type_icon\">\n<div class=\"icon_box_inner\">\n<h3 class=\"icon_box_heading cmsmasters-icon-users-1\"><span>Personal Altamente Capacitada<\/span><\/h3>\n<div class=\"icon_box_text\">\n<p>Somos una empresa de Facility Services de profesionales especializada en limpieza ecol\u00f3gica a domicilio y en la intermediaci\u00f3n para la selecci\u00f3n de personal dom\u00e9stico.<\/p>\n<\/div>\n<\/div>\n<\/div>\n\n<div id=\"cmsmasters_icon_box_69f23b82a9e04\" class=\"cmsmasters_icon_box cmsmasters_icon_heading_left box_icon_type_icon\">\n<div class=\"icon_box_inner\">\n<h3 class=\"icon_box_heading cmsmasters-icon-award-alt\"><span>Servicios efectivos<\/span><\/h3>\n<div class=\"icon_box_text\">\n<p>Empresa para equilibrar, flexibilizar y profesionalizar los servicios de limpieza y de dar respuesta a la creciente demanda de muchos hogares.<\/p>\n<\/div>\n<\/div>\n<\/div>\n\n<div id=\"cmsmasters_icon_box_69f23b82aa130\" class=\"cmsmasters_icon_box cmsmasters_icon_heading_left box_icon_type_icon\">\n<div class=\"icon_box_inner\">\n<h3 class=\"icon_box_heading cmsmasters-icon-lifebuoy-1\"><span>Control de Plagas<\/span><\/h3>\n<div class=\"icon_box_text\">\n<p>Para un buen control de plagas en la zona, contamos con productos autorizados, el cual evitar\u00e1 que haya plagas de todo tipo.<\/p>\n<\/div>\n<\/div>\n<\/div>\n<\/div>\n<div class=\"cmsmasters_column one_third\">\n\n<div id=\"cmsmasters_divider_69f23b82aa2a91_87144455\" class=\"cl\"><\/div>\n\n<div id=\"cmsmasters_icon_box_69f23b82aa5a9\" class=\"cmsmasters_icon_box cmsmasters_icon_heading_left box_icon_type_icon\">\n<div class=\"icon_box_inner\">\n<h3 class=\"icon_box_heading cmsmasters-icon-thumbs-up-1\"><span>Herramientas de limpieza de calidad<\/span><\/h3>\n<div class=\"icon_box_text\">\n<p>Utilizamos productos ECO para una buena limpieza. Nuestras herramientas son de \u00faltima tecnolog\u00eda para una buena precisi\u00f3n.<\/p>\n<\/div>\n<\/div>\n<\/div>\n\n<div id=\"cmsmasters_icon_box_69f23b82aa8d8\" class=\"cmsmasters_icon_box cmsmasters_icon_heading_left box_icon_type_icon\">\n<div class=\"icon_box_inner\">\n<h3 class=\"icon_box_heading cmsmasters-icon-magic\"><span>Experiencia Laboral<\/span><\/h3>\n<div class=\"icon_box_text\">\n<p>Contamos con a\u00f1os de experiencia en este sector, seleccionamos personal que transmitan confianza, profesionalidad, honradez y lealtad. Proporcionando a nuestros clientes toda la rapidez, garant\u00eda, calidad y seguridad que buscan, respetando su intimidad y confidencialidad.<\/p>\n<\/div>\n<\/div>\n<\/div>\n<\/div>\n<\/div>\n<\/div>\n<\/div>\n<\/div>\n<\/div>\n\n","protected":false},"excerpt":{"rendered":"","protected":false},"author":1,"featured_media":0,"parent":0,"menu_order":0,"comment_status":"closed","ping_status":"closed","template":"","meta":{"footnotes":""},"yoast_head":"<!-- This site is optimized with the Yoast SEO plugin v22.3 - https:\/\/yoast.com\/wordpress\/plugins\/seo\/ -->\n<title>Sobre Nosotros - Maalmar Facilities<\/title>\n<meta name=\"robots\" content=\"index, follow, max-snippet:-1, max-image-preview:large, max-video-preview:-1\" \/>\n<link rel=\"canonical\" href=\"https:\/\/maalmarfacilities.com\/index.php\/sobre-nosotros\/\" \/>\n<meta property=\"og:locale\" content=\"es_ES\" \/>\n<meta property=\"og:type\" content=\"article\" \/>\n<meta property=\"og:title\" content=\"Sobre Nosotros - Maalmar Facilities\" \/>\n<meta property=\"og:url\" content=\"https:\/\/maalmarfacilities.com\/index.php\/sobre-nosotros\/\" \/>\n<meta property=\"og:site_name\" content=\"Maalmar Facilities\" \/>\n<meta property=\"article:modified_time\" content=\"2021-04-05T17:34:03+00:00\" \/>\n<meta name=\"twitter:card\" content=\"summary_large_image\" \/>\n<meta name=\"twitter:label1\" content=\"Tiempo de lectura\" \/>\n\t<meta name=\"twitter:data1\" content=\"2 minutos\" \/>\n<script type=\"application\/ld+json\" class=\"yoast-schema-graph\">{\"@context\":\"https:\/\/schema.org\",\"@graph\":[{\"@type\":\"WebPage\",\"@id\":\"https:\/\/maalmarfacilities.com\/index.php\/sobre-nosotros\/\",\"url\":\"https:\/\/maalmarfacilities.com\/index.php\/sobre-nosotros\/\",\"name\":\"Sobre Nosotros - Maalmar Facilities\",\"isPartOf\":{\"@id\":\"https:\/\/maalmarfacilities.com\/#website\"},\"datePublished\":\"2015-04-20T11:50:56+00:00\",\"dateModified\":\"2021-04-05T17:34:03+00:00\",\"breadcrumb\":{\"@id\":\"https:\/\/maalmarfacilities.com\/index.php\/sobre-nosotros\/#breadcrumb\"},\"inLanguage\":\"es\",\"potentialAction\":[{\"@type\":\"ReadAction\",\"target\":[\"https:\/\/maalmarfacilities.com\/index.php\/sobre-nosotros\/\"]}]},{\"@type\":\"BreadcrumbList\",\"@id\":\"https:\/\/maalmarfacilities.com\/index.php\/sobre-nosotros\/#breadcrumb\",\"itemListElement\":[{\"@type\":\"ListItem\",\"position\":1,\"name\":\"Home\",\"item\":\"https:\/\/maalmarfacilities.com\/\"},{\"@type\":\"ListItem\",\"position\":2,\"name\":\"Sobre Nosotros\"}]},{\"@type\":\"WebSite\",\"@id\":\"https:\/\/maalmarfacilities.com\/#website\",\"url\":\"https:\/\/maalmarfacilities.com\/\",\"name\":\"Maalmar Facilities\",\"description\":\"Servicios de Limpieza y Mantenimiento\",\"potentialAction\":[{\"@type\":\"SearchAction\",\"target\":{\"@type\":\"EntryPoint\",\"urlTemplate\":\"https:\/\/maalmarfacilities.com\/?s={search_term_string}\"},\"query-input\":\"required name=search_term_string\"}],\"inLanguage\":\"es\"}]}<\/script>\n<!-- \/ Yoast SEO plugin. -->","yoast_head_json":{"title":"Sobre Nosotros - Maalmar Facilities","robots":{"index":"index","follow":"follow","max-snippet":"max-snippet:-1","max-image-preview":"max-image-preview:large","max-video-preview":"max-video-preview:-1"},"canonical":"https:\/\/maalmarfacilities.com\/index.php\/sobre-nosotros\/","og_locale":"es_ES","og_type":"article","og_title":"Sobre Nosotros - Maalmar Facilities","og_url":"https:\/\/maalmarfacilities.com\/index.php\/sobre-nosotros\/","og_site_name":"Maalmar Facilities","article_modified_time":"2021-04-05T17:34:03+00:00","twitter_card":"summary_large_image","twitter_misc":{"Tiempo de lectura":"2 minutos"},"schema":{"@context":"https:\/\/schema.org","@graph":[{"@type":"WebPage","@id":"https:\/\/maalmarfacilities.com\/index.php\/sobre-nosotros\/","url":"https:\/\/maalmarfacilities.com\/index.php\/sobre-nosotros\/","name":"Sobre Nosotros - Maalmar Facilities","isPartOf":{"@id":"https:\/\/maalmarfacilities.com\/#website"},"datePublished":"2015-04-20T11:50:56+00:00","dateModified":"2021-04-05T17:34:03+00:00","breadcrumb":{"@id":"https:\/\/maalmarfacilities.com\/index.php\/sobre-nosotros\/#breadcrumb"},"inLanguage":"es","potentialAction":[{"@type":"ReadAction","target":["https:\/\/maalmarfacilities.com\/index.php\/sobre-nosotros\/"]}]},{"@type":"BreadcrumbList","@id":"https:\/\/maalmarfacilities.com\/index.php\/sobre-nosotros\/#breadcrumb","itemListElement":[{"@type":"ListItem","position":1,"name":"Home","item":"https:\/\/maalmarfacilities.com\/"},{"@type":"ListItem","position":2,"name":"Sobre Nosotros"}]},{"@type":"WebSite","@id":"https:\/\/maalmarfacilities.com\/#website","url":"https:\/\/maalmarfacilities.com\/","name":"Maalmar Facilities","description":"Servicios de Limpieza y Mantenimiento","potentialAction":[{"@type":"SearchAction","target":{"@type":"EntryPoint","urlTemplate":"https:\/\/maalmarfacilities.com\/?s={search_term_string}"},"query-input":"required name=search_term_string"}],"inLanguage":"es"}]}},"_links":{"self":[{"href":"https:\/\/maalmarfacilities.com\/index.php\/wp-json\/wp\/v2\/pages\/529"}],"collection":[{"href":"https:\/\/maalmarfacilities.com\/index.php\/wp-json\/wp\/v2\/pages"}],"about":[{"href":"https:\/\/maalmarfacilities.com\/index.php\/wp-json\/wp\/v2\/types\/page"}],"author":[{"embeddable":true,"href":"https:\/\/maalmarfacilities.com\/index.php\/wp-json\/wp\/v2\/users\/1"}],"replies":[{"embeddable":true,"href":"https:\/\/maalmarfacilities.com\/index.php\/wp-json\/wp\/v2\/comments?post=529"}],"version-history":[{"count":6,"href":"https:\/\/maalmarfacilities.com\/index.php\/wp-json\/wp\/v2\/pages\/529\/revisions"}],"predecessor-version":[{"id":10735,"href":"https:\/\/maalmarfacilities.com\/index.php\/wp-json\/wp\/v2\/pages\/529\/revisions\/10735"}],"wp:attachment":[{"href":"https:\/\/maalmarfacilities.com\/index.php\/wp-json\/wp\/v2\/media?parent=529"}],"curies":[{"name":"wp","href":"https:\/\/api.w.org\/{rel}","templated":true}]}}